{"id":903,"date":"2023-08-16T02:35:28","date_gmt":"2023-08-16T00:35:28","guid":{"rendered":"https:\/\/associationsolution.org\/?page_id=903"},"modified":"2024-09-02T15:43:52","modified_gmt":"2024-09-02T13:43:52","slug":"european-projects","status":"publish","type":"page","link":"https:\/\/associationsolution.org\/fr\/european-projects\/","title":{"rendered":"Projets europ\u00e9ens"},"content":{"rendered":"<p class=\"\">Solution est impliqu\u00e9 en tant que partenaire et coordinateur dans de nombreux projets europ\u00e9ens financ\u00e9s par les programmes Erasmus+, Europe pour les citoyens et AMIF.<br>Gr\u00e2ce au soutien de ces fonds, nous avons organis\u00e9 un grand nombre d\u2019activit\u00e9s de formation avec la collaboration de nos partenaires europ\u00e9ens et nous avons donn\u00e9 l\u2019opportunit\u00e9 \u00e0 plus de 200 participants de prendre part \u00e0 nos cours d\u2019apprentissage \u00e0 travers l\u2019Europe.<\/p>","protected":false},"excerpt":{"rendered":"<p>Solution is involved as a partner and as a coordinator in many European projects funded by the Erasmus+, Europe for Citizens and AMIF programmes.Thanks to the support of these funds, we organized a high number of training activities with the collaboration of our European partners and we gave the opportunity to over 200 participants to [&hellip;]<\/p>\n","protected":false},"author":3,"featured_media":0,"parent":0,"menu_order":3,"comment_status":"closed","ping_status":"closed","template":"","meta":{"_acf_changed":false,"nf_dc_page":"","footnotes":""},"class_list":["post-903","page","type-page","status-publish","hentry"],"acf":[],"yoast_head":"<!-- This site is optimized with the Yoast SEO plugin v27.4 - https:\/\/yoast.com\/product\/yoast-seo-wordpress\/ -->\n<title>European Projects<\/title>\n<meta name=\"description\" content=\"Solution: Solidarit\u00e9 &amp; Inclusion as a coordinator in many European projects funded by the Erasmus+, Europe for Citizens and AMIF programmes\" \/>\n<meta name=\"robots\" content=\"index, follow, max-snippet:-1, max-image-preview:large, max-video-preview:-1\" \/>\n<link rel=\"canonical\" href=\"https:\/\/associationsolution.org\/fr\/european-projects\/\" \/>\n<meta property=\"og:locale\" content=\"fr_FR\" \/>\n<meta property=\"og:type\" content=\"article\" \/>\n<meta property=\"og:title\" content=\"European Projects\" \/>\n<meta property=\"og:description\" content=\"Solution: Solidarit\u00e9 &amp; Inclusion as a coordinator in many European projects funded by the Erasmus+, Europe for Citizens and AMIF programmes\" \/>\n<meta property=\"og:url\" content=\"https:\/\/associationsolution.org\/fr\/european-projects\/\" \/>\n<meta property=\"og:site_name\" content=\"Solution: Solidarit\u00e9 &amp; Inclusion\" \/>\n<meta property=\"article:publisher\" content=\"https:\/\/www.facebook.com\/AssociationSolution\" \/>\n<meta property=\"article:modified_time\" content=\"2024-09-02T13:43:52+00:00\" \/>\n<meta property=\"og:image\" content=\"https:\/\/i0.wp.com\/associationsolution.org\/wp-content\/uploads\/Logo-solutionXsito.png?fit=900%2C334&ssl=1\" \/>\n\t<meta property=\"og:image:width\" content=\"900\" \/>\n\t<meta property=\"og:image:height\" content=\"334\" \/>\n\t<meta property=\"og:image:type\" content=\"image\/png\" \/>\n<meta name=\"twitter:card\" content=\"summary_large_image\" \/>\n<meta name=\"twitter:site\" content=\"@asso_solution\" \/>\n<meta name=\"twitter:label1\" content=\"Dur\u00e9e de lecture estim\u00e9e\" \/>\n\t<meta name=\"twitter:data1\" content=\"1 minute\" \/>\n<script type=\"application\/ld+json\" class=\"yoast-schema-graph\">{\"@context\":\"https:\\\/\\\/schema.org\",\"@graph\":[{\"@type\":\"WebPage\",\"@id\":\"https:\\\/\\\/associationsolution.org\\\/european-projects\\\/\",\"url\":\"https:\\\/\\\/associationsolution.org\\\/european-projects\\\/\",\"name\":\"European Projects\",\"isPartOf\":{\"@id\":\"https:\\\/\\\/associationsolution.org\\\/#website\"},\"datePublished\":\"2023-08-16T00:35:28+00:00\",\"dateModified\":\"2024-09-02T13:43:52+00:00\",\"description\":\"Solution: Solidarit\u00e9 &amp; Inclusion as a coordinator in many European projects funded by the Erasmus+, Europe for Citizens and AMIF programmes\",\"breadcrumb\":{\"@id\":\"https:\\\/\\\/associationsolution.org\\\/european-projects\\\/#breadcrumb\"},\"inLanguage\":\"fr-FR\",\"potentialAction\":[{\"@type\":\"ReadAction\",\"target\":[\"https:\\\/\\\/associationsolution.org\\\/european-projects\\\/\"]}]},{\"@type\":\"BreadcrumbList\",\"@id\":\"https:\\\/\\\/associationsolution.org\\\/european-projects\\\/#breadcrumb\",\"itemListElement\":[{\"@type\":\"ListItem\",\"position\":1,\"name\":\"Home\",\"item\":\"https:\\\/\\\/associationsolution.org\\\/\"},{\"@type\":\"ListItem\",\"position\":2,\"name\":\"European Projects\"}]},{\"@type\":\"WebSite\",\"@id\":\"https:\\\/\\\/associationsolution.org\\\/#website\",\"url\":\"https:\\\/\\\/associationsolution.org\\\/\",\"name\":\"Solidarit\u00e9 & Inclusion\",\"description\":\"Is an association based in Paris that promotes social inclusion through non-formal education\",\"publisher\":{\"@id\":\"https:\\\/\\\/associationsolution.org\\\/#organization\"},\"potentialAction\":[{\"@type\":\"SearchAction\",\"target\":{\"@type\":\"EntryPoint\",\"urlTemplate\":\"https:\\\/\\\/associationsolution.org\\\/?s={search_term_string}\"},\"query-input\":{\"@type\":\"PropertyValueSpecification\",\"valueRequired\":true,\"valueName\":\"search_term_string\"}}],\"inLanguage\":\"fr-FR\"},{\"@type\":\"Organization\",\"@id\":\"https:\\\/\\\/associationsolution.org\\\/#organization\",\"name\":\"Solidarit\u00e9 & Inclusion\",\"url\":\"https:\\\/\\\/associationsolution.org\\\/\",\"logo\":{\"@type\":\"ImageObject\",\"inLanguage\":\"fr-FR\",\"@id\":\"https:\\\/\\\/associationsolution.org\\\/#\\\/schema\\\/logo\\\/image\\\/\",\"url\":\"https:\\\/\\\/i0.wp.com\\\/associationsolution.org\\\/wp-content\\\/uploads\\\/Logo-solutionXsito.png?fit=900%2C334&ssl=1\",\"contentUrl\":\"https:\\\/\\\/i0.wp.com\\\/associationsolution.org\\\/wp-content\\\/uploads\\\/Logo-solutionXsito.png?fit=900%2C334&ssl=1\",\"width\":900,\"height\":334,\"caption\":\"Solidarit\u00e9 & Inclusion\"},\"image\":{\"@id\":\"https:\\\/\\\/associationsolution.org\\\/#\\\/schema\\\/logo\\\/image\\\/\"},\"sameAs\":[\"https:\\\/\\\/www.facebook.com\\\/AssociationSolution\",\"https:\\\/\\\/x.com\\\/asso_solution\",\"https:\\\/\\\/www.instagram.com\\\/solution_eu\\\/\",\"https:\\\/\\\/www.linkedin.com\\\/in\\\/solution-association-18b772190\\\/\"]}]}<\/script>\n<!-- \/ Yoast SEO plugin. -->","yoast_head_json":{"title":"Projets europ\u00e9ens","description":"Solution: Solidarit\u00e9 &amp; Inclusion as a coordinator in many European projects funded by the Erasmus+, Europe for Citizens and AMIF programmes","robots":{"index":"index","follow":"follow","max-snippet":"max-snippet:-1","max-image-preview":"max-image-preview:large","max-video-preview":"max-video-preview:-1"},"canonical":"https:\/\/associationsolution.org\/fr\/european-projects\/","og_locale":"fr_FR","og_type":"article","og_title":"European Projects","og_description":"Solution: Solidarit\u00e9 &amp; Inclusion as a coordinator in many European projects funded by the Erasmus+, Europe for Citizens and AMIF programmes","og_url":"https:\/\/associationsolution.org\/fr\/european-projects\/","og_site_name":"Solution: Solidarit\u00e9 &amp; Inclusion","article_publisher":"https:\/\/www.facebook.com\/AssociationSolution","article_modified_time":"2024-09-02T13:43:52+00:00","og_image":[{"width":900,"height":334,"url":"https:\/\/i0.wp.com\/associationsolution.org\/wp-content\/uploads\/Logo-solutionXsito.png?fit=900%2C334&ssl=1","type":"image\/png"}],"twitter_card":"summary_large_image","twitter_site":"@asso_solution","twitter_misc":{"Dur\u00e9e de lecture estim\u00e9e":"1 minute"},"schema":{"@context":"https:\/\/schema.org","@graph":[{"@type":"WebPage","@id":"https:\/\/associationsolution.org\/european-projects\/","url":"https:\/\/associationsolution.org\/european-projects\/","name":"Projets europ\u00e9ens","isPartOf":{"@id":"https:\/\/associationsolution.org\/#website"},"datePublished":"2023-08-16T00:35:28+00:00","dateModified":"2024-09-02T13:43:52+00:00","description":"Solution: Solidarit\u00e9 &amp; Inclusion as a coordinator in many European projects funded by the Erasmus+, Europe for Citizens and AMIF programmes","breadcrumb":{"@id":"https:\/\/associationsolution.org\/european-projects\/#breadcrumb"},"inLanguage":"fr-FR","potentialAction":[{"@type":"ReadAction","target":["https:\/\/associationsolution.org\/european-projects\/"]}]},{"@type":"BreadcrumbList","@id":"https:\/\/associationsolution.org\/european-projects\/#breadcrumb","itemListElement":[{"@type":"ListItem","position":1,"name":"Home","item":"https:\/\/associationsolution.org\/"},{"@type":"ListItem","position":2,"name":"European Projects"}]},{"@type":"WebSite","@id":"https:\/\/associationsolution.org\/#website","url":"https:\/\/associationsolution.org\/","name":"Solidarit\u00e9 & Inclusion","description":"Is an association based in Paris that promotes social inclusion through non-formal education","publisher":{"@id":"https:\/\/associationsolution.org\/#organization"},"potentialAction":[{"@type":"SearchAction","target":{"@type":"EntryPoint","urlTemplate":"https:\/\/associationsolution.org\/?s={search_term_string}"},"query-input":{"@type":"PropertyValueSpecification","valueRequired":true,"valueName":"search_term_string"}}],"inLanguage":"fr-FR"},{"@type":"Organization","@id":"https:\/\/associationsolution.org\/#organization","name":"Solidarit\u00e9 & Inclusion","url":"https:\/\/associationsolution.org\/","logo":{"@type":"ImageObject","inLanguage":"fr-FR","@id":"https:\/\/associationsolution.org\/#\/schema\/logo\/image\/","url":"https:\/\/i0.wp.com\/associationsolution.org\/wp-content\/uploads\/Logo-solutionXsito.png?fit=900%2C334&ssl=1","contentUrl":"https:\/\/i0.wp.com\/associationsolution.org\/wp-content\/uploads\/Logo-solutionXsito.png?fit=900%2C334&ssl=1","width":900,"height":334,"caption":"Solidarit\u00e9 & Inclusion"},"image":{"@id":"https:\/\/associationsolution.org\/#\/schema\/logo\/image\/"},"sameAs":["https:\/\/www.facebook.com\/AssociationSolution","https:\/\/x.com\/asso_solution","https:\/\/www.instagram.com\/solution_eu\/","https:\/\/www.linkedin.com\/in\/solution-association-18b772190\/"]}]}},"jetpack_sharing_enabled":true,"_links":{"self":[{"href":"https:\/\/associationsolution.org\/fr\/wp-json\/wp\/v2\/pages\/903","targetHints":{"allow":["GET"]}}],"collection":[{"href":"https:\/\/associationsolution.org\/fr\/wp-json\/wp\/v2\/pages"}],"about":[{"href":"https:\/\/associationsolution.org\/fr\/wp-json\/wp\/v2\/types\/page"}],"author":[{"embeddable":true,"href":"https:\/\/associationsolution.org\/fr\/wp-json\/wp\/v2\/users\/3"}],"replies":[{"embeddable":true,"href":"https:\/\/associationsolution.org\/fr\/wp-json\/wp\/v2\/comments?post=903"}],"version-history":[{"count":4,"href":"https:\/\/associationsolution.org\/fr\/wp-json\/wp\/v2\/pages\/903\/revisions"}],"predecessor-version":[{"id":2132,"href":"https:\/\/associationsolution.org\/fr\/wp-json\/wp\/v2\/pages\/903\/revisions\/2132"}],"wp:attachment":[{"href":"https:\/\/associationsolution.org\/fr\/wp-json\/wp\/v2\/media?parent=903"}],"curies":[{"name":"wp","href":"https:\/\/api.w.org\/{rel}","templated":true}]}}